{"id":725,"date":"2023-12-20T20:47:57","date_gmt":"2023-12-20T20:47:57","guid":{"rendered":"https:\/\/jhs.swlauriersb.vortexdev.com\/registration\/"},"modified":"2024-04-03T19:38:13","modified_gmt":"2024-04-03T19:38:13","slug":"inscription","status":"publish","type":"page","link":"https:\/\/jhs.swlauriersb.vortexdev.com\/fr\/inscription\/","title":{"rendered":"Inscription"},"content":{"rendered":"\n<p>Pour obtenir de l\u2019information sur la proc\u00e9dure \u00e0 suivre pour inscrire votre enfant \u00e0 notre \u00e9cole, veuillez communiquer avec M<sup>me<\/sup> Kellie MacDonald par l&#8217;entremise de ce <a href=\"https:\/\/jhs.swlauriersb.vortexdev.com\/fr\/nous-joindre\/\" data-type=\"page\" data-id=\"650\">formulaire de contact<\/a>.<\/p>\n","protected":false},"excerpt":{"rendered":"<p>Pour obtenir de l\u2019information sur la proc\u00e9dure \u00e0 suivre pour inscrire votre enfant \u00e0 notre \u00e9cole, veuillez communiquer avec Mme Kellie MacDonald par l&#8217;entremise de ce formulaire de contact.<\/p>\n","protected":false},"author":1,"featured_media":0,"parent":0,"menu_order":0,"comment_status":"closed","ping_status":"closed","template":"","meta":{"_acf_changed":false,"_relevanssi_hide_post":"","_relevanssi_hide_content":"","_relevanssi_pin_for_all":"","_relevanssi_pin_keywords":"","_relevanssi_unpin_keywords":"","_relevanssi_related_keywords":"","_relevanssi_related_include_ids":"","_relevanssi_related_exclude_ids":"","_relevanssi_related_no_append":"","_relevanssi_related_not_related":"","_relevanssi_related_posts":"","_relevanssi_noindex_reason":"","footnotes":""},"acf":[],"_links":{"self":[{"href":"https:\/\/jhs.swlauriersb.vortexdev.com\/fr\/wp-json\/wp\/v2\/pages\/725"}],"collection":[{"href":"https:\/\/jhs.swlauriersb.vortexdev.com\/fr\/wp-json\/wp\/v2\/pages"}],"about":[{"href":"https:\/\/jhs.swlauriersb.vortexdev.com\/fr\/wp-json\/wp\/v2\/types\/page"}],"author":[{"embeddable":true,"href":"https:\/\/jhs.swlauriersb.vortexdev.com\/fr\/wp-json\/wp\/v2\/users\/1"}],"replies":[{"embeddable":true,"href":"https:\/\/jhs.swlauriersb.vortexdev.com\/fr\/wp-json\/wp\/v2\/comments?post=725"}],"version-history":[{"count":2,"href":"https:\/\/jhs.swlauriersb.vortexdev.com\/fr\/wp-json\/wp\/v2\/pages\/725\/revisions"}],"predecessor-version":[{"id":861,"href":"https:\/\/jhs.swlauriersb.vortexdev.com\/fr\/wp-json\/wp\/v2\/pages\/725\/revisions\/861"}],"wp:attachment":[{"href":"https:\/\/jhs.swlauriersb.vortexdev.com\/fr\/wp-json\/wp\/v2\/media?parent=725"}],"curies":[{"name":"wp","href":"https:\/\/api.w.org\/{rel}","templated":true}]}}