{"id":676,"date":"2023-12-08T19:25:00","date_gmt":"2023-12-08T19:25:00","guid":{"rendered":"https:\/\/jhs.swlauriersb.vortexdev.com\/student-life\/"},"modified":"2024-01-03T19:34:17","modified_gmt":"2024-01-03T19:34:17","slug":"vie-etudiante","status":"publish","type":"page","link":"https:\/\/jhs.swlauriersb.vortexdev.com\/fr\/vie-etudiante\/","title":{"rendered":"Vie \u00e9tudiante"},"content":{"rendered":"\n<div class=\"block-accordions-group theme-block theme-block--innerblock aligndefault\">\n    <span class=\"theme-block__label\">Accord\u00e9ons<\/span>\n  \n    \n<div class=\"block-accordion  theme-block theme-block--innerblock aligndefault\">\n    <span class=\"theme-block__label\">Accord\u00e9on<\/span>\n    <h3 class=\"block-accordion__title\">CONSEIL PAR DES PAIRS<\/h3>\n    \n\n<p>Les \u00e9l\u00e8ves en 3<sup>e<\/sup>, 4<sup>e<\/sup> et 5<sup>e<\/sup> secondaire faisant partie du groupe de conseil par des pairs s\u2019efforcent d\u2019aider les \u00e9l\u00e8ves de 1<sup>re<\/sup> secondaire et les \u00e9l\u00e8ves de 6<sup>e<\/sup> ann\u00e9e du primaire qui feront leur entr\u00e9e au secondaire \u00e0 s\u2019int\u00e9grer avec succ\u00e8s \u00e0 l\u2019\u00e9cole secondaire.<\/p>\n\n\n\n<p>Se r\u00e9f\u00e9rer \u00e0 M. Neron ou M<sup>me<\/sup> Guerrera.<ins><\/ins><\/p>\n\n\n<\/div>\n\n                    \n\n\n<div class=\"block-accordion  theme-block theme-block--innerblock aligndefault\">\n    <span class=\"theme-block__label\">Accord\u00e9on<\/span>\n    <h3 class=\"block-accordion__title\">LABORATOIRE D\u2019INFORMATIQUE<\/h3>\n    \n\n<p>Le laboratoire d\u2019informatique est ouvert sur l\u2019heure du midi; consulter l\u2019horaire affich\u00e9 sur la porte.<\/p>\n\n\n<\/div>\n\n                    \n\n\n<div class=\"block-accordion  theme-block theme-block--innerblock aligndefault\">\n    <span class=\"theme-block__label\">Accord\u00e9on<\/span>\n    <h3 class=\"block-accordion__title\">BIBLIOTH\u00c8QUE ET JEUX<\/h3>\n    \n\n<p>Se r\u00e9f\u00e9rer \u00e0 M<sup>me<\/sup> Lachetta.<\/p>\n\n\n<\/div>\n\n                    \n\n\n<div class=\"block-accordion  theme-block theme-block--innerblock aligndefault\">\n    <span class=\"theme-block__label\">Accord\u00e9on<\/span>\n    <h3 class=\"block-accordion__title\">ACTIVIT\u00c9S SPORTIVES<\/h3>\n    \n\n<p>Les activit\u00e9s sportives ont lieu apr\u00e8s l\u2019\u00e9cole et sur l\u2019heure du midi. L\u2019horaire sera disponible bient\u00f4t.<\/p>\n\n\n<\/div>\n\n                    \n\n\n<div class=\"block-accordion  theme-block theme-block--innerblock aligndefault\">\n    <span class=\"theme-block__label\">Accord\u00e9on<\/span>\n    <h3 class=\"block-accordion__title\">Groupe musical JHSOUNDS<\/h3>\n    \n\n<p>Se r\u00e9f\u00e9rer \u00e0 M. Neron.<\/p>\n\n\n<\/div>\n\n                    \n\n\n<\/div>\n\n\n\n<p><\/p>\n","protected":false},"excerpt":{"rendered":"","protected":false},"author":1,"featured_media":0,"parent":0,"menu_order":0,"comment_status":"closed","ping_status":"closed","template":"","meta":{"_acf_changed":false,"_relevanssi_hide_post":"","_relevanssi_hide_content":"","_relevanssi_pin_for_all":"","_relevanssi_pin_keywords":"","_relevanssi_unpin_keywords":"","_relevanssi_related_keywords":"","_relevanssi_related_include_ids":"","_relevanssi_related_exclude_ids":"","_relevanssi_related_no_append":"","_relevanssi_related_not_related":"","_relevanssi_related_posts":"","_relevanssi_noindex_reason":"","footnotes":""},"acf":[],"_links":{"self":[{"href":"https:\/\/jhs.swlauriersb.vortexdev.com\/fr\/wp-json\/wp\/v2\/pages\/676"}],"collection":[{"href":"https:\/\/jhs.swlauriersb.vortexdev.com\/fr\/wp-json\/wp\/v2\/pages"}],"about":[{"href":"https:\/\/jhs.swlauriersb.vortexdev.com\/fr\/wp-json\/wp\/v2\/types\/page"}],"author":[{"embeddable":true,"href":"https:\/\/jhs.swlauriersb.vortexdev.com\/fr\/wp-json\/wp\/v2\/users\/1"}],"replies":[{"embeddable":true,"href":"https:\/\/jhs.swlauriersb.vortexdev.com\/fr\/wp-json\/wp\/v2\/comments?post=676"}],"version-history":[{"count":2,"href":"https:\/\/jhs.swlauriersb.vortexdev.com\/fr\/wp-json\/wp\/v2\/pages\/676\/revisions"}],"predecessor-version":[{"id":731,"href":"https:\/\/jhs.swlauriersb.vortexdev.com\/fr\/wp-json\/wp\/v2\/pages\/676\/revisions\/731"}],"wp:attachment":[{"href":"https:\/\/jhs.swlauriersb.vortexdev.com\/fr\/wp-json\/wp\/v2\/media?parent=676"}],"curies":[{"name":"wp","href":"https:\/\/api.w.org\/{rel}","templated":true}]}}