{"id":670,"date":"2023-12-08T19:15:52","date_gmt":"2023-12-08T19:15:52","guid":{"rendered":"https:\/\/jhs.swlauriersb.vortexdev.com\/school-nurse\/"},"modified":"2024-01-03T19:33:35","modified_gmt":"2024-01-03T19:33:35","slug":"infirmiere-de-l-ecole","status":"publish","type":"page","link":"https:\/\/jhs.swlauriersb.vortexdev.com\/fr\/ressources-eleves\/infirmiere-de-l-ecole\/","title":{"rendered":"Infirmi\u00e8re de l&#8217;\u00e9cole"},"content":{"rendered":"\n<p>Notre infirmi\u00e8re, Marjorie Champagne, est pr\u00e9sente \u00e0 l\u2019\u00e9cole les mercredis. Pour la rencontrer, remplir le formulaire se trouvant devant son bureau au deuxi\u00e8me \u00e9tage, puis le d\u00e9poser dans la bo\u00eete. L\u2019infirmi\u00e8re communiquera avec toi lorsqu\u2019elle sera \u00e0 l\u2019\u00e9cole.<\/p>\n\n\n\n<p>Pour toute question, voici les coordonn\u00e9es de l\u2019\u00e9quipe d\u2019infirmi\u00e8res ou infirmiers en sant\u00e9 scolaire&nbsp;:<\/p>\n\n\n\n<p><a href=\"mailto:sante.scolaire.nord.cissslan@ssss.gouv.qc.ca\">sante.scolaire.nord.cissslan@ssss.gouv.qc.ca<\/a><\/p>\n\n\n\n<p>MRC de Joliette, de Matawinie, de Moncalm et d\u2019Autray<\/p>\n\n\n\n<p>T\u00e9l\u00e9phone&nbsp;: 450&nbsp;755-2111, poste 3385<\/p>\n","protected":false},"excerpt":{"rendered":"<p>Notre infirmi\u00e8re, Marjorie Champagne, est pr\u00e9sente \u00e0 l\u2019\u00e9cole les mercredis. Pour la rencontrer, remplir le formulaire se trouvant devant son bureau au deuxi\u00e8me \u00e9tage, puis le d\u00e9poser dans la bo\u00eete. L\u2019infirmi\u00e8re communiquera avec toi lorsqu\u2019elle sera \u00e0 l\u2019\u00e9cole. Pour toute question, voici les coordonn\u00e9es de l\u2019\u00e9quipe d\u2019infirmi\u00e8res ou infirmiers en sant\u00e9 scolaire&nbsp;: sante.scolaire.nord.cissslan@ssss.gouv.qc.ca MRC de&hellip;<\/p>\n","protected":false},"author":1,"featured_media":0,"parent":675,"menu_order":0,"comment_status":"closed","ping_status":"closed","template":"","meta":{"_acf_changed":false,"_relevanssi_hide_post":"","_relevanssi_hide_content":"","_relevanssi_pin_for_all":"","_relevanssi_pin_keywords":"","_relevanssi_unpin_keywords":"","_relevanssi_related_keywords":"","_relevanssi_related_include_ids":"","_relevanssi_related_exclude_ids":"","_relevanssi_related_no_append":"","_relevanssi_related_not_related":"","_relevanssi_related_posts":"","_relevanssi_noindex_reason":"","footnotes":""},"acf":[],"_links":{"self":[{"href":"https:\/\/jhs.swlauriersb.vortexdev.com\/fr\/wp-json\/wp\/v2\/pages\/670"}],"collection":[{"href":"https:\/\/jhs.swlauriersb.vortexdev.com\/fr\/wp-json\/wp\/v2\/pages"}],"about":[{"href":"https:\/\/jhs.swlauriersb.vortexdev.com\/fr\/wp-json\/wp\/v2\/types\/page"}],"author":[{"embeddable":true,"href":"https:\/\/jhs.swlauriersb.vortexdev.com\/fr\/wp-json\/wp\/v2\/users\/1"}],"replies":[{"embeddable":true,"href":"https:\/\/jhs.swlauriersb.vortexdev.com\/fr\/wp-json\/wp\/v2\/comments?post=670"}],"version-history":[{"count":1,"href":"https:\/\/jhs.swlauriersb.vortexdev.com\/fr\/wp-json\/wp\/v2\/pages\/670\/revisions"}],"predecessor-version":[{"id":737,"href":"https:\/\/jhs.swlauriersb.vortexdev.com\/fr\/wp-json\/wp\/v2\/pages\/670\/revisions\/737"}],"up":[{"embeddable":true,"href":"https:\/\/jhs.swlauriersb.vortexdev.com\/fr\/wp-json\/wp\/v2\/pages\/675"}],"wp:attachment":[{"href":"https:\/\/jhs.swlauriersb.vortexdev.com\/fr\/wp-json\/wp\/v2\/media?parent=670"}],"curies":[{"name":"wp","href":"https:\/\/api.w.org\/{rel}","templated":true}]}}