{"id":666,"date":"2023-12-08T18:55:04","date_gmt":"2023-12-08T18:55:04","guid":{"rendered":"https:\/\/jhs.swlauriersb.vortexdev.com\/our-school-about-us\/"},"modified":"2024-04-03T19:14:17","modified_gmt":"2024-04-03T19:14:17","slug":"a-propos","status":"publish","type":"page","link":"https:\/\/jhs.swlauriersb.vortexdev.com\/fr\/a-propos\/","title":{"rendered":"\u00c0 propos"},"content":{"rendered":"\n<h2 class=\"wp-block-heading\">PROFIL DE L\u2019\u00c9COLE<\/h2>\n\n\n\n<p>L\u2019\u00e9cole secondaire de Joliette est une \u00e9cole publique situ\u00e9e \u00e0 Joliette, au Qu\u00e9bec. En 2019-2020 elle accueillait 233 \u00e9l\u00e8ves provenant de 29 municipalit\u00e9s diff\u00e9rentes de la r\u00e9gion de Lanaudi\u00e8re. Les \u00e9l\u00e8ves habitent dans des milieux vari\u00e9s, notamment des r\u00e9gions tr\u00e8s rurales ou de petites villes. Ils sont g\u00e9ographiquement dispers\u00e9s sur le vaste territoire de Lanaudi\u00e8re, avec la plus grande concentration d\u2019\u00e9l\u00e8ves issus de Rawdon (26&nbsp;%), Lavaltrie (12&nbsp;%) et Joliette (12&nbsp;%). De nombreux \u00e9l\u00e8ves font jusqu\u2019\u00e0 trois heures de route chaque jour, prenant un total de deux autobus ou plus pour se rendre \u00e0 l\u2019\u00e9cole secondaire de Joliette.<\/p>\n\n\n\n<p>Trente-deux pour cent de nos \u00e9l\u00e8ves ont un plan d\u2019intervention et 9&nbsp;% d\u00e9tiennent un code de difficult\u00e9 pour EHDAA (\u00e9l\u00e8ves handicap\u00e9s ou en difficult\u00e9 d\u2019adaptation ou d\u2019apprentissage). Soixante-trois pour cent des \u00e9l\u00e8ves de l\u2019\u00e9cole secondaire de Joliette parlent principalement le fran\u00e7ais \u00e0 la maison. La plupart des \u00e9l\u00e8ves vivent dans des communaut\u00e9s francophones essentiellement d\u00e9favoris\u00e9es, ce qui engendre pour l\u2019\u00e9cole secondaire de Joliette de nombreux d\u00e9fis li\u00e9s \u00e0 ses op\u00e9rations en tant qu\u2019\u00e9cole anglophone dans une r\u00e9gion largement domin\u00e9e par la langue et la culture francophone. Par cons\u00e9quent, les \u00e9l\u00e8ves qui font leur entr\u00e9e \u00e0 l\u2019\u00e9cole secondaire de Joliette ont souvent connu d\u2019importants retards en ce qui concerne l\u2019acquisition et le d\u00e9veloppement de la langue anglaise, comme l\u2019ont confirm\u00e9 le test d\u2019\u00e9valuation de lecture et les tests Fountas &amp; Pinnell. L\u2019enseignante-ressource ou l\u2019enseignant-ressource \u00e9value entre 30 et 40 \u00e9l\u00e8ves par ann\u00e9e \u00e0 l\u2019automne, puis \u00e0 nouveau au printemps.<ins><\/ins><\/p>\n","protected":false},"excerpt":{"rendered":"<p>PROFIL DE L\u2019\u00c9COLE L\u2019\u00e9cole secondaire de Joliette est une \u00e9cole publique situ\u00e9e \u00e0 Joliette, au Qu\u00e9bec. En 2019-2020 elle accueillait 233 \u00e9l\u00e8ves provenant de 29 municipalit\u00e9s diff\u00e9rentes de la r\u00e9gion de Lanaudi\u00e8re. Les \u00e9l\u00e8ves habitent dans des milieux vari\u00e9s, notamment des r\u00e9gions tr\u00e8s rurales ou de petites villes. Ils sont g\u00e9ographiquement dispers\u00e9s sur le vaste&hellip;<\/p>\n","protected":false},"author":1,"featured_media":0,"parent":0,"menu_order":0,"comment_status":"closed","ping_status":"closed","template":"","meta":{"_acf_changed":false,"_relevanssi_hide_post":"","_relevanssi_hide_content":"","_relevanssi_pin_for_all":"","_relevanssi_pin_keywords":"","_relevanssi_unpin_keywords":"","_relevanssi_related_keywords":"","_relevanssi_related_include_ids":"","_relevanssi_related_exclude_ids":"","_relevanssi_related_no_append":"","_relevanssi_related_not_related":"","_relevanssi_related_posts":"","_relevanssi_noindex_reason":"","footnotes":""},"acf":[],"_links":{"self":[{"href":"https:\/\/jhs.swlauriersb.vortexdev.com\/fr\/wp-json\/wp\/v2\/pages\/666"}],"collection":[{"href":"https:\/\/jhs.swlauriersb.vortexdev.com\/fr\/wp-json\/wp\/v2\/pages"}],"about":[{"href":"https:\/\/jhs.swlauriersb.vortexdev.com\/fr\/wp-json\/wp\/v2\/types\/page"}],"author":[{"embeddable":true,"href":"https:\/\/jhs.swlauriersb.vortexdev.com\/fr\/wp-json\/wp\/v2\/users\/1"}],"replies":[{"embeddable":true,"href":"https:\/\/jhs.swlauriersb.vortexdev.com\/fr\/wp-json\/wp\/v2\/comments?post=666"}],"version-history":[{"count":2,"href":"https:\/\/jhs.swlauriersb.vortexdev.com\/fr\/wp-json\/wp\/v2\/pages\/666\/revisions"}],"predecessor-version":[{"id":850,"href":"https:\/\/jhs.swlauriersb.vortexdev.com\/fr\/wp-json\/wp\/v2\/pages\/666\/revisions\/850"}],"wp:attachment":[{"href":"https:\/\/jhs.swlauriersb.vortexdev.com\/fr\/wp-json\/wp\/v2\/media?parent=666"}],"curies":[{"name":"wp","href":"https:\/\/api.w.org\/{rel}","templated":true}]}}